{"id":2332,"date":"2025-01-21T07:54:16","date_gmt":"2025-01-21T06:54:16","guid":{"rendered":"https:\/\/hupo.einsigartig-webdesign.at\/home\/"},"modified":"2025-02-17T12:33:50","modified_gmt":"2025-02-17T11:33:50","slug":"home","status":"publish","type":"page","link":"https:\/\/www.hubertushof-poysdorf.at\/pl\/","title":{"rendered":"Home"},"content":{"rendered":"\t\t<div data-elementor-type=\"wp-page\" data-elementor-id=\"2332\" class=\"elementor elementor-2332 elementor-38\" data-elementor-post-type=\"page\">\n\t\t\t\t<div class=\"elementor-element elementor-element-71fd51d e-flex e-con-boxed e-con e-parent\" data-id=\"71fd51d\" data-element_type=\"container\" data-e-type=\"container\" data-settings=\"{&quot;background_background&quot;:&quot;classic&quot;}\">\n\t\t\t\t\t<div class=\"e-con-inner\">\n\t\t\t\t<div class=\"elementor-element elementor-element-b290b8f animated-slow elementor-invisible elementor-widget elementor-widget-image\" data-id=\"b290b8f\" data-element_type=\"widget\" data-e-type=\"widget\" data-settings=\"{&quot;_animation&quot;:&quot;fadeIn&quot;}\" data-widget_type=\"image.default\">\n\t\t\t\t<div class=\"elementor-widget-container\">\n\t\t\t\t\t\t\t\t\t\t\t\t\t\t\t<img fetchpriority=\"high\" decoding=\"async\" width=\"768\" height=\"567\" src=\"https:\/\/www.hubertushof-poysdorf.at\/neu\/wp-content\/uploads\/2025\/01\/logo_hubertushof-ohne-50-768x567.png\" class=\"attachment-medium_large size-medium_large wp-image-979\" alt=\"\" srcset=\"https:\/\/www.hubertushof-poysdorf.at\/neu\/wp-content\/uploads\/2025\/01\/logo_hubertushof-ohne-50-768x567.png 768w, https:\/\/www.hubertushof-poysdorf.at\/neu\/wp-content\/uploads\/2025\/01\/logo_hubertushof-ohne-50-300x221.png 300w, https:\/\/www.hubertushof-poysdorf.at\/neu\/wp-content\/uploads\/2025\/01\/logo_hubertushof-ohne-50-1024x755.png 1024w, https:\/\/www.hubertushof-poysdorf.at\/neu\/wp-content\/uploads\/2025\/01\/logo_hubertushof-ohne-50-1536x1133.png 1536w, https:\/\/www.hubertushof-poysdorf.at\/neu\/wp-content\/uploads\/2025\/01\/logo_hubertushof-ohne-50-2048x1511.png 2048w\" sizes=\"(max-width: 768px) 100vw, 768px\" \/>\t\t\t\t\t\t\t\t\t\t\t\t\t\t\t<\/div>\n\t\t\t\t<\/div>\n\t\t\t\t<div class=\"elementor-element elementor-element-0dcb401 animated-slow elementor-invisible elementor-widget elementor-widget-heading\" data-id=\"0dcb401\" data-element_type=\"widget\" data-e-type=\"widget\" data-settings=\"{&quot;_animation&quot;:&quot;fadeInDown&quot;}\" data-widget_type=\"heading.default\">\n\t\t\t\t<div class=\"elementor-widget-container\">\n\t\t\t\t\t<h2 class=\"elementor-heading-title elementor-size-default\">P O Y S D O R F<\/h2>\t\t\t\t<\/div>\n\t\t\t\t<\/div>\n\t\t\t\t\t<\/div>\n\t\t\t\t<\/div>\n\t\t<div class=\"elementor-element elementor-element-555aa2e e-flex e-con-boxed e-con e-parent\" data-id=\"555aa2e\" data-element_type=\"container\" data-e-type=\"container\">\n\t\t\t\t\t<div class=\"e-con-inner\">\n\t\t\t\t<div class=\"elementor-element elementor-element-9decb4b elementor-flip-box--direction-left elementor-flip-box--effect-flip elementor-widget elementor-widget-flip-box\" data-id=\"9decb4b\" data-element_type=\"widget\" data-e-type=\"widget\" data-widget_type=\"flip-box.default\">\n\t\t\t\t<div class=\"elementor-widget-container\">\n\t\t\t\t\t\t\t<div class=\"elementor-flip-box\" tabindex=\"0\">\n\t\t\t<div class=\"elementor-flip-box__layer elementor-flip-box__front\">\n\t\t\t\t<div class=\"elementor-flip-box__layer__overlay\">\n\t\t\t\t\t<div class=\"elementor-flip-box__layer__inner\">\n\t\t\t\t\t\t\n\t\t\t\t\t\t\n\t\t\t\t\t\t\t\t\t\t\t<\/div>\n\t\t\t\t<\/div>\n\t\t\t<\/div>\n\t\t\t<div class=\"elementor-flip-box__layer elementor-flip-box__back\">\n\t\t\t<div class=\"elementor-flip-box__layer__overlay\">\n\t\t\t\t<div class=\"elementor-flip-box__layer__inner\">\n\t\t\t\t\t\t\t\t\t\t\t<h3 class=\"elementor-flip-box__layer__title\">\n\t\t\t\t\t\t\tNOCLEGI\t\t\t\t\t\t<\/h3>\n\t\t\t\t\t\n\t\t\t\t\t\n\t\t\t\t\t\t\t\t<\/div>\n\t\t<\/div>\n\t\t<\/div>\n\t\t<\/div>\n\t\t\t\t\t\t<\/div>\n\t\t\t\t<\/div>\n\t\t\t\t<div class=\"elementor-element elementor-element-17de036 elementor-flip-box--direction-left elementor-flip-box--effect-flip elementor-widget elementor-widget-flip-box\" data-id=\"17de036\" data-element_type=\"widget\" data-e-type=\"widget\" data-widget_type=\"flip-box.default\">\n\t\t\t\t<div class=\"elementor-widget-container\">\n\t\t\t\t\t\t\t<div class=\"elementor-flip-box\" tabindex=\"0\">\n\t\t\t<div class=\"elementor-flip-box__layer elementor-flip-box__front\">\n\t\t\t\t<div class=\"elementor-flip-box__layer__overlay\">\n\t\t\t\t\t<div class=\"elementor-flip-box__layer__inner\">\n\t\t\t\t\t\t\n\t\t\t\t\t\t\n\t\t\t\t\t\t\t\t\t\t\t<\/div>\n\t\t\t\t<\/div>\n\t\t\t<\/div>\n\t\t\t<div class=\"elementor-flip-box__layer elementor-flip-box__back\">\n\t\t\t<div class=\"elementor-flip-box__layer__overlay\">\n\t\t\t\t<div class=\"elementor-flip-box__layer__inner\">\n\t\t\t\t\t\t\t\t\t\t\t<h3 class=\"elementor-flip-box__layer__title\">\n\t\t\t\t\t\t\tPRZYJEMNOSC\t\t\t\t\t\t<\/h3>\n\t\t\t\t\t\n\t\t\t\t\t\n\t\t\t\t\t\t\t\t<\/div>\n\t\t<\/div>\n\t\t<\/div>\n\t\t<\/div>\n\t\t\t\t\t\t<\/div>\n\t\t\t\t<\/div>\n\t\t\t\t<div class=\"elementor-element elementor-element-f197ac1 elementor-flip-box--direction-left elementor-flip-box--effect-flip elementor-widget elementor-widget-flip-box\" data-id=\"f197ac1\" data-element_type=\"widget\" data-e-type=\"widget\" data-widget_type=\"flip-box.default\">\n\t\t\t\t<div class=\"elementor-widget-container\">\n\t\t\t\t\t\t\t<div class=\"elementor-flip-box\" tabindex=\"0\">\n\t\t\t<div class=\"elementor-flip-box__layer elementor-flip-box__front\">\n\t\t\t\t<div class=\"elementor-flip-box__layer__overlay\">\n\t\t\t\t\t<div class=\"elementor-flip-box__layer__inner\">\n\t\t\t\t\t\t\n\t\t\t\t\t\t\n\t\t\t\t\t\t\t\t\t\t\t<\/div>\n\t\t\t\t<\/div>\n\t\t\t<\/div>\n\t\t\t<div class=\"elementor-flip-box__layer elementor-flip-box__back\">\n\t\t\t<div class=\"elementor-flip-box__layer__overlay\">\n\t\t\t\t<div class=\"elementor-flip-box__layer__inner\">\n\t\t\t\t\t\t\t\t\t\t\t<h3 class=\"elementor-flip-box__layer__title\">\n\t\t\t\t\t\t\tPRZE\u017bYCIA\t\t\t\t\t\t<\/h3>\n\t\t\t\t\t\n\t\t\t\t\t\n\t\t\t\t\t\t\t\t<\/div>\n\t\t<\/div>\n\t\t<\/div>\n\t\t<\/div>\n\t\t\t\t\t\t<\/div>\n\t\t\t\t<\/div>\n\t\t\t\t\t<\/div>\n\t\t\t\t<\/div>\n\t\t<div class=\"elementor-element elementor-element-9004093 e-flex e-con-boxed e-con e-parent\" data-id=\"9004093\" data-element_type=\"container\" data-e-type=\"container\">\n\t\t\t\t\t<div class=\"e-con-inner\">\n\t\t<div class=\"elementor-element elementor-element-d5351c6 e-con-full e-flex e-con e-child\" data-id=\"d5351c6\" data-element_type=\"container\" data-e-type=\"container\">\n\t\t\t\t<div class=\"elementor-element elementor-element-482fe73 elementor-widget elementor-widget-heading\" data-id=\"482fe73\" data-element_type=\"widget\" data-e-type=\"widget\" data-widget_type=\"heading.default\">\n\t\t\t\t<div class=\"elementor-widget-container\">\n\t\t\t\t\t<h2 class=\"elementor-heading-title elementor-size-default\">WITAJCIE<\/h2>\t\t\t\t<\/div>\n\t\t\t\t<\/div>\n\t\t\t\t<\/div>\n\t\t<div class=\"elementor-element elementor-element-76dacdc e-con-full e-flex e-con e-child\" data-id=\"76dacdc\" data-element_type=\"container\" data-e-type=\"container\">\n\t\t<div class=\"elementor-element elementor-element-0bf2d3b e-con-full e-flex e-con e-child\" data-id=\"0bf2d3b\" data-element_type=\"container\" data-e-type=\"container\">\n\t\t\t\t<div class=\"elementor-element elementor-element-4e69f57 elementor-widget elementor-widget-image\" data-id=\"4e69f57\" data-element_type=\"widget\" data-e-type=\"widget\" data-widget_type=\"image.default\">\n\t\t\t\t<div class=\"elementor-widget-container\">\n\t\t\t\t\t\t\t\t\t\t\t\t\t\t\t<img decoding=\"async\" width=\"800\" height=\"533\" src=\"https:\/\/www.hubertushof-poysdorf.at\/neu\/wp-content\/uploads\/2025\/01\/home-andi-1200x800-s.jpg\" class=\"attachment-large size-large wp-image-1177\" alt=\"\" srcset=\"https:\/\/www.hubertushof-poysdorf.at\/neu\/wp-content\/uploads\/2025\/01\/home-andi-1200x800-s.jpg 800w, https:\/\/www.hubertushof-poysdorf.at\/neu\/wp-content\/uploads\/2025\/01\/home-andi-1200x800-s-300x200.jpg 300w, https:\/\/www.hubertushof-poysdorf.at\/neu\/wp-content\/uploads\/2025\/01\/home-andi-1200x800-s-768x512.jpg 768w\" sizes=\"(max-width: 800px) 100vw, 800px\" \/>\t\t\t\t\t\t\t\t\t\t\t\t\t\t\t<\/div>\n\t\t\t\t<\/div>\n\t\t\t\t<\/div>\n\t\t<div class=\"elementor-element elementor-element-d0158bf e-con-full e-flex e-con e-child\" data-id=\"d0158bf\" data-element_type=\"container\" data-e-type=\"container\">\n\t\t\t\t<div class=\"elementor-element elementor-element-ac398c8 elementor-widget elementor-widget-heading\" data-id=\"ac398c8\" data-element_type=\"widget\" data-e-type=\"widget\" data-widget_type=\"heading.default\">\n\t\t\t\t<div class=\"elementor-widget-container\">\n\t\t\t\t\t<h2 class=\"elementor-heading-title elementor-size-default\">To ja, Wasz gospodarz<\/h2>\t\t\t\t<\/div>\n\t\t\t\t<\/div>\n\t\t\t\t<div class=\"elementor-element elementor-element-62a1a97 elementor-widget elementor-widget-text-editor\" data-id=\"62a1a97\" data-element_type=\"widget\" data-e-type=\"widget\" data-widget_type=\"text-editor.default\">\n\t\t\t\t<div class=\"elementor-widget-container\">\n\t\t\t\t\t\t\t\t\t<p>Andreas Simayr<br \/>cz\u0142owiekiem, na jakiego wygl\u0105dam. Tak przynajmniej<br \/>twierdz\u0105 moi go\u015bcie\u2026gdy\u017c dla nich daj\u0119 z siebie wszystko.<br \/>Nie tylko powierzchownie, lecz z pe\u0142nym zaanga\u017cowaniem<br \/>Poniewa\u017c pochodz\u0119 z rodziny z tradycjami restauratorskimi<br \/>dobrze wiem, czego sobie \u017cycz\u0105 moi go\u015bcie\u2026 a czego nie.  <\/p>\n<p>REGION WEINVIERTLER \u2022 RODZINNY CZ\u0141OWIEK \u2022 GOSPODARZ<\/p>\n<h3><strong>Dotyczy wszystkich ofert!<\/strong><\/h3>\n\t\t\t\t\t\t\t\t<\/div>\n\t\t\t\t<\/div>\n\t\t\t\t<\/div>\n\t\t\t\t<\/div>\n\t\t\t\t\t<\/div>\n\t\t\t\t<\/div>\n\t\t\t\t<\/div>\n\t\t","protected":false},"excerpt":{"rendered":"<p>P O Y S D O R F NOCLEGI PRZYJEMNOSC PRZE\u017bYCIA WITAJCIE To ja, Wasz gospodarz Andreas Simayrcz\u0142owiekiem, na jakiego wygl\u0105dam. Tak przynajmniejtwierdz\u0105 moi go\u015bcie\u2026gdy\u017c dla nich daj\u0119 z siebie wszystko.Nie tylko powierzchownie, lecz z pe\u0142nym zaanga\u017cowaniemPoniewa\u017c pochodz\u0119 z rodziny z tradycjami restauratorskimidobrze wiem, czego sobie \u017cycz\u0105 moi go\u015bcie\u2026 a czego nie. REGION WEINVIERTLER \u2022 [&hellip;]<\/p>\n","protected":false},"author":2,"featured_media":1030,"parent":0,"menu_order":0,"comment_status":"closed","ping_status":"closed","template":"","meta":{"footnotes":""},"class_list":["post-2332","page","type-page","status-publish","has-post-thumbnail","hentry"],"yoast_head":"<!-- This site is optimized with the Yoast SEO plugin v27.5 - https:\/\/yoast.com\/product\/yoast-seo-wordpress\/ -->\n<title>Home | Hubertushof<\/title>\n<meta name=\"description\" content=\"Mo\u017cesz przenocowa\u0107 i zje\u015b\u0107 naprawd\u0119 dobrze w Weinviertel w Hubertushof Poysdorf, ciesz\u0105c si\u0119 swobodn\u0105 go\u015bcinno\u015bci\u0105 i przyziemn\u0105 kuchni\u0105\" \/>\n<meta name=\"robots\" content=\"index, follow, max-snippet:-1, max-image-preview:large, max-video-preview:-1\" \/>\n<link rel=\"canonical\" href=\"https:\/\/www.hubertushof-poysdorf.at\/pl\/\" \/>\n<meta property=\"og:locale\" content=\"pl_PL\" \/>\n<meta property=\"og:type\" content=\"article\" \/>\n<meta property=\"og:title\" content=\"Home | Hubertushof\" \/>\n<meta property=\"og:description\" content=\"Mo\u017cesz przenocowa\u0107 i zje\u015b\u0107 naprawd\u0119 dobrze w Weinviertel w Hubertushof Poysdorf, ciesz\u0105c si\u0119 swobodn\u0105 go\u015bcinno\u015bci\u0105 i przyziemn\u0105 kuchni\u0105\" \/>\n<meta property=\"og:url\" content=\"https:\/\/www.hubertushof-poysdorf.at\/pl\/\" \/>\n<meta property=\"og:site_name\" content=\"Hubertushof\" \/>\n<meta property=\"article:modified_time\" content=\"2025-02-17T11:33:50+00:00\" \/>\n<meta property=\"og:image\" content=\"https:\/\/www.hubertushof-poysdorf.at\/neu\/wp-content\/uploads\/2025\/01\/anreise-header-1920x800-1.jpg\" \/>\n\t<meta property=\"og:image:width\" content=\"1920\" \/>\n\t<meta property=\"og:image:height\" content=\"800\" \/>\n\t<meta property=\"og:image:type\" content=\"image\/jpeg\" \/>\n<meta name=\"twitter:card\" content=\"summary_large_image\" \/>\n<meta name=\"twitter:label1\" content=\"Est. reading time\" \/>\n\t<meta name=\"twitter:data1\" content=\"1 minute\" \/>\n<script type=\"application\/ld+json\" class=\"yoast-schema-graph\">{\"@context\":\"https:\\\/\\\/schema.org\",\"@graph\":[{\"@type\":\"WebPage\",\"@id\":\"https:\\\/\\\/www.hubertushof-poysdorf.at\\\/pl\\\/\",\"url\":\"https:\\\/\\\/www.hubertushof-poysdorf.at\\\/pl\\\/\",\"name\":\"Home | Hubertushof\",\"isPartOf\":{\"@id\":\"https:\\\/\\\/www.hubertushof-poysdorf.at\\\/pl\\\/#website\"},\"primaryImageOfPage\":{\"@id\":\"https:\\\/\\\/www.hubertushof-poysdorf.at\\\/pl\\\/#primaryimage\"},\"image\":{\"@id\":\"https:\\\/\\\/www.hubertushof-poysdorf.at\\\/pl\\\/#primaryimage\"},\"thumbnailUrl\":\"https:\\\/\\\/www.hubertushof-poysdorf.at\\\/neu\\\/wp-content\\\/uploads\\\/2025\\\/01\\\/anreise-header-1920x800-1.jpg\",\"datePublished\":\"2025-01-21T06:54:16+00:00\",\"dateModified\":\"2025-02-17T11:33:50+00:00\",\"description\":\"Mo\u017cesz przenocowa\u0107 i zje\u015b\u0107 naprawd\u0119 dobrze w Weinviertel w Hubertushof Poysdorf, ciesz\u0105c si\u0119 swobodn\u0105 go\u015bcinno\u015bci\u0105 i przyziemn\u0105 kuchni\u0105\",\"breadcrumb\":{\"@id\":\"https:\\\/\\\/www.hubertushof-poysdorf.at\\\/pl\\\/#breadcrumb\"},\"inLanguage\":\"pl-PL\",\"potentialAction\":[{\"@type\":\"ReadAction\",\"target\":[\"https:\\\/\\\/www.hubertushof-poysdorf.at\\\/pl\\\/\"]}]},{\"@type\":\"ImageObject\",\"inLanguage\":\"pl-PL\",\"@id\":\"https:\\\/\\\/www.hubertushof-poysdorf.at\\\/pl\\\/#primaryimage\",\"url\":\"https:\\\/\\\/www.hubertushof-poysdorf.at\\\/neu\\\/wp-content\\\/uploads\\\/2025\\\/01\\\/anreise-header-1920x800-1.jpg\",\"contentUrl\":\"https:\\\/\\\/www.hubertushof-poysdorf.at\\\/neu\\\/wp-content\\\/uploads\\\/2025\\\/01\\\/anreise-header-1920x800-1.jpg\",\"width\":1920,\"height\":800},{\"@type\":\"BreadcrumbList\",\"@id\":\"https:\\\/\\\/www.hubertushof-poysdorf.at\\\/pl\\\/#breadcrumb\",\"itemListElement\":[{\"@type\":\"ListItem\",\"position\":1,\"name\":\"Startseite\",\"item\":\"https:\\\/\\\/www.hubertushof-poysdorf.at\\\/pl\\\/\"},{\"@type\":\"ListItem\",\"position\":2,\"name\":\"Home\"}]},{\"@type\":\"WebSite\",\"@id\":\"https:\\\/\\\/www.hubertushof-poysdorf.at\\\/pl\\\/#website\",\"url\":\"https:\\\/\\\/www.hubertushof-poysdorf.at\\\/pl\\\/\",\"name\":\"Hubertushof\",\"description\":\"\",\"publisher\":{\"@id\":\"https:\\\/\\\/www.hubertushof-poysdorf.at\\\/pl\\\/#organization\"},\"potentialAction\":[{\"@type\":\"SearchAction\",\"target\":{\"@type\":\"EntryPoint\",\"urlTemplate\":\"https:\\\/\\\/www.hubertushof-poysdorf.at\\\/pl\\\/?s={search_term_string}\"},\"query-input\":{\"@type\":\"PropertyValueSpecification\",\"valueRequired\":true,\"valueName\":\"search_term_string\"}}],\"inLanguage\":\"pl-PL\"},{\"@type\":\"Organization\",\"@id\":\"https:\\\/\\\/www.hubertushof-poysdorf.at\\\/pl\\\/#organization\",\"name\":\"Hubertushof\",\"url\":\"https:\\\/\\\/www.hubertushof-poysdorf.at\\\/pl\\\/\",\"logo\":{\"@type\":\"ImageObject\",\"inLanguage\":\"pl-PL\",\"@id\":\"https:\\\/\\\/www.hubertushof-poysdorf.at\\\/pl\\\/#\\\/schema\\\/logo\\\/image\\\/\",\"url\":\"https:\\\/\\\/www.hubertushof-poysdorf.at\\\/neu\\\/wp-content\\\/uploads\\\/2025\\\/01\\\/hubertushof-poysdorf-logo.png\",\"contentUrl\":\"https:\\\/\\\/www.hubertushof-poysdorf.at\\\/neu\\\/wp-content\\\/uploads\\\/2025\\\/01\\\/hubertushof-poysdorf-logo.png\",\"width\":731,\"height\":512,\"caption\":\"Hubertushof\"},\"image\":{\"@id\":\"https:\\\/\\\/www.hubertushof-poysdorf.at\\\/pl\\\/#\\\/schema\\\/logo\\\/image\\\/\"}}]}<\/script>\n<!-- \/ Yoast SEO plugin. -->","yoast_head_json":{"title":"Home | Hubertushof","description":"Mo\u017cesz przenocowa\u0107 i zje\u015b\u0107 naprawd\u0119 dobrze w Weinviertel w Hubertushof Poysdorf, ciesz\u0105c si\u0119 swobodn\u0105 go\u015bcinno\u015bci\u0105 i przyziemn\u0105 kuchni\u0105","robots":{"index":"index","follow":"follow","max-snippet":"max-snippet:-1","max-image-preview":"max-image-preview:large","max-video-preview":"max-video-preview:-1"},"canonical":"https:\/\/www.hubertushof-poysdorf.at\/pl\/","og_locale":"pl_PL","og_type":"article","og_title":"Home | Hubertushof","og_description":"Mo\u017cesz przenocowa\u0107 i zje\u015b\u0107 naprawd\u0119 dobrze w Weinviertel w Hubertushof Poysdorf, ciesz\u0105c si\u0119 swobodn\u0105 go\u015bcinno\u015bci\u0105 i przyziemn\u0105 kuchni\u0105","og_url":"https:\/\/www.hubertushof-poysdorf.at\/pl\/","og_site_name":"Hubertushof","article_modified_time":"2025-02-17T11:33:50+00:00","og_image":[{"width":1920,"height":800,"url":"https:\/\/www.hubertushof-poysdorf.at\/neu\/wp-content\/uploads\/2025\/01\/anreise-header-1920x800-1.jpg","type":"image\/jpeg"}],"twitter_card":"summary_large_image","twitter_misc":{"Est. reading time":"1 minute"},"schema":{"@context":"https:\/\/schema.org","@graph":[{"@type":"WebPage","@id":"https:\/\/www.hubertushof-poysdorf.at\/pl\/","url":"https:\/\/www.hubertushof-poysdorf.at\/pl\/","name":"Home | Hubertushof","isPartOf":{"@id":"https:\/\/www.hubertushof-poysdorf.at\/pl\/#website"},"primaryImageOfPage":{"@id":"https:\/\/www.hubertushof-poysdorf.at\/pl\/#primaryimage"},"image":{"@id":"https:\/\/www.hubertushof-poysdorf.at\/pl\/#primaryimage"},"thumbnailUrl":"https:\/\/www.hubertushof-poysdorf.at\/neu\/wp-content\/uploads\/2025\/01\/anreise-header-1920x800-1.jpg","datePublished":"2025-01-21T06:54:16+00:00","dateModified":"2025-02-17T11:33:50+00:00","description":"Mo\u017cesz przenocowa\u0107 i zje\u015b\u0107 naprawd\u0119 dobrze w Weinviertel w Hubertushof Poysdorf, ciesz\u0105c si\u0119 swobodn\u0105 go\u015bcinno\u015bci\u0105 i przyziemn\u0105 kuchni\u0105","breadcrumb":{"@id":"https:\/\/www.hubertushof-poysdorf.at\/pl\/#breadcrumb"},"inLanguage":"pl-PL","potentialAction":[{"@type":"ReadAction","target":["https:\/\/www.hubertushof-poysdorf.at\/pl\/"]}]},{"@type":"ImageObject","inLanguage":"pl-PL","@id":"https:\/\/www.hubertushof-poysdorf.at\/pl\/#primaryimage","url":"https:\/\/www.hubertushof-poysdorf.at\/neu\/wp-content\/uploads\/2025\/01\/anreise-header-1920x800-1.jpg","contentUrl":"https:\/\/www.hubertushof-poysdorf.at\/neu\/wp-content\/uploads\/2025\/01\/anreise-header-1920x800-1.jpg","width":1920,"height":800},{"@type":"BreadcrumbList","@id":"https:\/\/www.hubertushof-poysdorf.at\/pl\/#breadcrumb","itemListElement":[{"@type":"ListItem","position":1,"name":"Startseite","item":"https:\/\/www.hubertushof-poysdorf.at\/pl\/"},{"@type":"ListItem","position":2,"name":"Home"}]},{"@type":"WebSite","@id":"https:\/\/www.hubertushof-poysdorf.at\/pl\/#website","url":"https:\/\/www.hubertushof-poysdorf.at\/pl\/","name":"Hubertushof","description":"","publisher":{"@id":"https:\/\/www.hubertushof-poysdorf.at\/pl\/#organization"},"potentialAction":[{"@type":"SearchAction","target":{"@type":"EntryPoint","urlTemplate":"https:\/\/www.hubertushof-poysdorf.at\/pl\/?s={search_term_string}"},"query-input":{"@type":"PropertyValueSpecification","valueRequired":true,"valueName":"search_term_string"}}],"inLanguage":"pl-PL"},{"@type":"Organization","@id":"https:\/\/www.hubertushof-poysdorf.at\/pl\/#organization","name":"Hubertushof","url":"https:\/\/www.hubertushof-poysdorf.at\/pl\/","logo":{"@type":"ImageObject","inLanguage":"pl-PL","@id":"https:\/\/www.hubertushof-poysdorf.at\/pl\/#\/schema\/logo\/image\/","url":"https:\/\/www.hubertushof-poysdorf.at\/neu\/wp-content\/uploads\/2025\/01\/hubertushof-poysdorf-logo.png","contentUrl":"https:\/\/www.hubertushof-poysdorf.at\/neu\/wp-content\/uploads\/2025\/01\/hubertushof-poysdorf-logo.png","width":731,"height":512,"caption":"Hubertushof"},"image":{"@id":"https:\/\/www.hubertushof-poysdorf.at\/pl\/#\/schema\/logo\/image\/"}}]}},"_links":{"self":[{"href":"https:\/\/www.hubertushof-poysdorf.at\/pl\/wp-json\/wp\/v2\/pages\/2332","targetHints":{"allow":["GET"]}}],"collection":[{"href":"https:\/\/www.hubertushof-poysdorf.at\/pl\/wp-json\/wp\/v2\/pages"}],"about":[{"href":"https:\/\/www.hubertushof-poysdorf.at\/pl\/wp-json\/wp\/v2\/types\/page"}],"author":[{"embeddable":true,"href":"https:\/\/www.hubertushof-poysdorf.at\/pl\/wp-json\/wp\/v2\/users\/2"}],"replies":[{"embeddable":true,"href":"https:\/\/www.hubertushof-poysdorf.at\/pl\/wp-json\/wp\/v2\/comments?post=2332"}],"version-history":[{"count":4,"href":"https:\/\/www.hubertushof-poysdorf.at\/pl\/wp-json\/wp\/v2\/pages\/2332\/revisions"}],"predecessor-version":[{"id":2603,"href":"https:\/\/www.hubertushof-poysdorf.at\/pl\/wp-json\/wp\/v2\/pages\/2332\/revisions\/2603"}],"wp:featuredmedia":[{"embeddable":true,"href":"https:\/\/www.hubertushof-poysdorf.at\/pl\/wp-json\/wp\/v2\/media\/1030"}],"wp:attachment":[{"href":"https:\/\/www.hubertushof-poysdorf.at\/pl\/wp-json\/wp\/v2\/media?parent=2332"}],"curies":[{"name":"wp","href":"https:\/\/api.w.org\/{rel}","templated":true}]}}