{"id":2318,"date":"2025-01-03T10:25:27","date_gmt":"2025-01-03T09:25:27","guid":{"rendered":"https:\/\/hupo.einsigartig-webdesign.at\/prijezd\/"},"modified":"2025-02-18T10:31:17","modified_gmt":"2025-02-18T09:31:17","slug":"prijezd","status":"publish","type":"page","link":"https:\/\/www.hubertushof-poysdorf.at\/cs\/prijezd\/","title":{"rendered":"P\u0158\u00cdJEZD"},"content":{"rendered":"\t\t<div data-elementor-type=\"wp-page\" data-elementor-id=\"2318\" class=\"elementor elementor-2318 elementor-40\" data-elementor-post-type=\"page\">\n\t\t\t\t<div class=\"elementor-element elementor-element-2011fe7 e-flex e-con-boxed e-con e-parent\" data-id=\"2011fe7\" data-element_type=\"container\" data-e-type=\"container\" data-settings=\"{&quot;background_background&quot;:&quot;classic&quot;}\">\n\t\t\t\t\t<div class=\"e-con-inner\">\n\t\t\t\t<div class=\"elementor-element elementor-element-a3a72a0 animated-slow elementor-invisible elementor-widget elementor-widget-image\" data-id=\"a3a72a0\" data-element_type=\"widget\" data-e-type=\"widget\" data-settings=\"{&quot;_animation&quot;:&quot;fadeIn&quot;}\" data-widget_type=\"image.default\">\n\t\t\t\t<div class=\"elementor-widget-container\">\n\t\t\t\t\t\t\t\t\t\t\t\t\t\t\t<img fetchpriority=\"high\" decoding=\"async\" width=\"731\" height=\"512\" src=\"https:\/\/www.hubertushof-poysdorf.at\/neu\/wp-content\/uploads\/2025\/01\/hubertushof-poysdorf-logo.png\" class=\"attachment-medium_large size-medium_large wp-image-974\" alt=\"\" srcset=\"https:\/\/www.hubertushof-poysdorf.at\/neu\/wp-content\/uploads\/2025\/01\/hubertushof-poysdorf-logo.png 731w, https:\/\/www.hubertushof-poysdorf.at\/neu\/wp-content\/uploads\/2025\/01\/hubertushof-poysdorf-logo-300x210.png 300w\" sizes=\"(max-width: 731px) 100vw, 731px\" \/>\t\t\t\t\t\t\t\t\t\t\t\t\t\t\t<\/div>\n\t\t\t\t<\/div>\n\t\t\t\t<div class=\"elementor-element elementor-element-ad96da5 animated-slow elementor-invisible elementor-widget elementor-widget-heading\" data-id=\"ad96da5\" data-element_type=\"widget\" data-e-type=\"widget\" data-settings=\"{&quot;_animation&quot;:&quot;fadeInDown&quot;}\" data-widget_type=\"heading.default\">\n\t\t\t\t<div class=\"elementor-widget-container\">\n\t\t\t\t\t<h2 class=\"elementor-heading-title elementor-size-default\">P O Y S D O R F<\/h2>\t\t\t\t<\/div>\n\t\t\t\t<\/div>\n\t\t\t\t\t<\/div>\n\t\t\t\t<\/div>\n\t\t<div class=\"elementor-element elementor-element-01cfbb0 e-flex e-con-boxed e-con e-parent\" data-id=\"01cfbb0\" data-element_type=\"container\" data-e-type=\"container\">\n\t\t\t\t\t<div class=\"e-con-inner\">\n\t\t<div class=\"elementor-element elementor-element-67e99c0 e-con-full e-flex e-con e-child\" data-id=\"67e99c0\" data-element_type=\"container\" data-e-type=\"container\">\n\t\t\t\t<div class=\"elementor-element elementor-element-44b5320 elementor-widget elementor-widget-google_maps\" data-id=\"44b5320\" data-element_type=\"widget\" data-e-type=\"widget\" data-widget_type=\"google_maps.default\">\n\t\t\t\t<div class=\"elementor-widget-container\">\n\t\t\t\t\t\t\t<div class=\"elementor-custom-embed\">\n\t\t\t<iframe loading=\"lazy\"\n\t\t\t\t\tsrc=\"https:\/\/maps.google.com\/maps?q=Brunngasse%20142%202170%20Poysdorf&#038;t=m&#038;z=9&#038;output=embed&#038;iwloc=near\"\n\t\t\t\t\ttitle=\"Brunngasse 142 2170 Poysdorf\"\n\t\t\t\t\taria-label=\"Brunngasse 142 2170 Poysdorf\"\n\t\t\t><\/iframe>\n\t\t<\/div>\n\t\t\t\t\t\t<\/div>\n\t\t\t\t<\/div>\n\t\t\t\t<\/div>\n\t\t<div class=\"elementor-element elementor-element-0a5ac89 e-con-full e-flex e-con e-child\" data-id=\"0a5ac89\" data-element_type=\"container\" data-e-type=\"container\">\n\t\t\t\t<div class=\"elementor-element elementor-element-f77c17f elementor-widget elementor-widget-heading\" data-id=\"f77c17f\" data-element_type=\"widget\" data-e-type=\"widget\" data-widget_type=\"heading.default\">\n\t\t\t\t<div class=\"elementor-widget-container\">\n\t\t\t\t\t<h2 class=\"elementor-heading-title elementor-size-default\">HUBERTUSHOF POYSDORF<\/h2>\t\t\t\t<\/div>\n\t\t\t\t<\/div>\n\t\t\t\t<div class=\"elementor-element elementor-element-8e7c085 elementor-widget elementor-widget-text-editor\" data-id=\"8e7c085\" data-element_type=\"widget\" data-e-type=\"widget\" data-widget_type=\"text-editor.default\">\n\t\t\t\t<div class=\"elementor-widget-container\">\n\t\t\t\t\t\t\t\t\t<p>Andreas Simayr Brunngasse 142 2170 Poysdorf<a href=\"https:\/\/www.google.at\/maps\/dir\/\/Hubertus+Br%C3%A4u,+Brunngasse+142,+2170+Poysdorf\/@48.6591423,16.6143485,13.69z\/data=!4m8!4m7!1m0!1m5!1m1!1s0x476d2fc248de586d:0x5fd23089bfe18a11!2m2!1d16.6149629!2d48.669139?hl=de\" target=\"_blank\" rel=\"noopener noreferrer\">TRASA<\/a><\/p>\n<p>Tel: <a href=\"tel:+4325524243\">+43 2552 4243<\/a><a href=\"mailto:office@hubertushof-poysdorf.at\">office@hubertushof-poysdorf.at<\/a><br \/><a href=\"https:\/\/www.hubertushof-poysdorf.at\/cs\/\" target=\"_blank\" rel=\"noopener noreferrer\"><strong>www.hubertushof-poysdorf.at<\/strong><\/a><\/p>\n\t\t\t\t\t\t\t\t<\/div>\n\t\t\t\t<\/div>\n\t\t\t\t<\/div>\n\t\t\t\t\t<\/div>\n\t\t\t\t<\/div>\n\t\t\t\t<\/div>\n\t\t","protected":false},"excerpt":{"rendered":"<p>P O Y S D O R F Sie sehen gerade einen Platzhalterinhalt von Google Maps. Um auf den eigentlichen Inhalt zuzugreifen, klicken Sie auf die Schaltfl\u00e4che unten. Bitte beachten Sie, dass dabei Daten an Drittanbieter weitergegeben werden. Mehr Informationen Inhalt entsperren Erforderlichen Service akzeptieren und Inhalte entsperren HUBERTUSHOF POYSDORF Andreas Simayr Brunngasse 142 2170 [&hellip;]<\/p>\n","protected":false},"author":2,"featured_media":1175,"parent":0,"menu_order":0,"comment_status":"closed","ping_status":"closed","template":"","meta":{"footnotes":""},"class_list":["post-2318","page","type-page","status-publish","has-post-thumbnail","hentry"],"yoast_head":"<!-- This site is optimized with the Yoast SEO plugin v27.3 - https:\/\/yoast.com\/product\/yoast-seo-wordpress\/ -->\n<title>P\u0158\u00cdJEZD | Hubertushof<\/title>\n<meta name=\"description\" content=\"Napl\u00e1nujte si cestu do hotelu Hubertushof Poysdorf - snadno se k n\u011bmu dostanete autem nebo autobusem a parkovat m\u016f\u017eete zdarma p\u0159\u00edmo u hotelu.\" \/>\n<meta name=\"robots\" content=\"index, follow, max-snippet:-1, max-image-preview:large, max-video-preview:-1\" \/>\n<link rel=\"canonical\" href=\"https:\/\/www.hubertushof-poysdorf.at\/cs\/prijezd\/\" \/>\n<meta property=\"og:locale\" content=\"cs_CZ\" \/>\n<meta property=\"og:type\" content=\"article\" \/>\n<meta property=\"og:title\" content=\"P\u0158\u00cdJEZD | Hubertushof\" \/>\n<meta property=\"og:description\" content=\"Napl\u00e1nujte si cestu do hotelu Hubertushof Poysdorf - snadno se k n\u011bmu dostanete autem nebo autobusem a parkovat m\u016f\u017eete zdarma p\u0159\u00edmo u hotelu.\" \/>\n<meta property=\"og:url\" content=\"https:\/\/www.hubertushof-poysdorf.at\/cs\/prijezd\/\" \/>\n<meta property=\"og:site_name\" content=\"Hubertushof\" \/>\n<meta property=\"article:modified_time\" content=\"2025-02-18T09:31:17+00:00\" \/>\n<meta property=\"og:image\" content=\"https:\/\/www.hubertushof-poysdorf.at\/neu\/wp-content\/uploads\/2025\/01\/home-andi-1200x800-s.jpg\" \/>\n\t<meta property=\"og:image:width\" content=\"800\" \/>\n\t<meta property=\"og:image:height\" content=\"533\" \/>\n\t<meta property=\"og:image:type\" content=\"image\/jpeg\" \/>\n<meta name=\"twitter:card\" content=\"summary_large_image\" \/>\n<script type=\"application\/ld+json\" class=\"yoast-schema-graph\">{\"@context\":\"https:\\\/\\\/schema.org\",\"@graph\":[{\"@type\":\"WebPage\",\"@id\":\"https:\\\/\\\/www.hubertushof-poysdorf.at\\\/cs\\\/prijezd\\\/\",\"url\":\"https:\\\/\\\/www.hubertushof-poysdorf.at\\\/cs\\\/prijezd\\\/\",\"name\":\"P\u0158\u00cdJEZD | Hubertushof\",\"isPartOf\":{\"@id\":\"https:\\\/\\\/www.hubertushof-poysdorf.at\\\/cs\\\/#website\"},\"primaryImageOfPage\":{\"@id\":\"https:\\\/\\\/www.hubertushof-poysdorf.at\\\/cs\\\/prijezd\\\/#primaryimage\"},\"image\":{\"@id\":\"https:\\\/\\\/www.hubertushof-poysdorf.at\\\/cs\\\/prijezd\\\/#primaryimage\"},\"thumbnailUrl\":\"https:\\\/\\\/www.hubertushof-poysdorf.at\\\/neu\\\/wp-content\\\/uploads\\\/2025\\\/01\\\/home-andi-1200x800-s.jpg\",\"datePublished\":\"2025-01-03T09:25:27+00:00\",\"dateModified\":\"2025-02-18T09:31:17+00:00\",\"description\":\"Napl\u00e1nujte si cestu do hotelu Hubertushof Poysdorf - snadno se k n\u011bmu dostanete autem nebo autobusem a parkovat m\u016f\u017eete zdarma p\u0159\u00edmo u hotelu.\",\"breadcrumb\":{\"@id\":\"https:\\\/\\\/www.hubertushof-poysdorf.at\\\/cs\\\/prijezd\\\/#breadcrumb\"},\"inLanguage\":\"cs-CZ\",\"potentialAction\":[{\"@type\":\"ReadAction\",\"target\":[\"https:\\\/\\\/www.hubertushof-poysdorf.at\\\/cs\\\/prijezd\\\/\"]}]},{\"@type\":\"ImageObject\",\"inLanguage\":\"cs-CZ\",\"@id\":\"https:\\\/\\\/www.hubertushof-poysdorf.at\\\/cs\\\/prijezd\\\/#primaryimage\",\"url\":\"https:\\\/\\\/www.hubertushof-poysdorf.at\\\/neu\\\/wp-content\\\/uploads\\\/2025\\\/01\\\/home-andi-1200x800-s.jpg\",\"contentUrl\":\"https:\\\/\\\/www.hubertushof-poysdorf.at\\\/neu\\\/wp-content\\\/uploads\\\/2025\\\/01\\\/home-andi-1200x800-s.jpg\",\"width\":800,\"height\":533,\"caption\":\"Hubertushof Gastgeber Andreas Simayr\"},{\"@type\":\"BreadcrumbList\",\"@id\":\"https:\\\/\\\/www.hubertushof-poysdorf.at\\\/cs\\\/prijezd\\\/#breadcrumb\",\"itemListElement\":[{\"@type\":\"ListItem\",\"position\":1,\"name\":\"Startseite\",\"item\":\"https:\\\/\\\/www.hubertushof-poysdorf.at\\\/cs\\\/\"},{\"@type\":\"ListItem\",\"position\":2,\"name\":\"P\u0158\u00cdJEZD\"}]},{\"@type\":\"WebSite\",\"@id\":\"https:\\\/\\\/www.hubertushof-poysdorf.at\\\/cs\\\/#website\",\"url\":\"https:\\\/\\\/www.hubertushof-poysdorf.at\\\/cs\\\/\",\"name\":\"Hubertushof\",\"description\":\"\",\"publisher\":{\"@id\":\"https:\\\/\\\/www.hubertushof-poysdorf.at\\\/cs\\\/#organization\"},\"potentialAction\":[{\"@type\":\"SearchAction\",\"target\":{\"@type\":\"EntryPoint\",\"urlTemplate\":\"https:\\\/\\\/www.hubertushof-poysdorf.at\\\/cs\\\/?s={search_term_string}\"},\"query-input\":{\"@type\":\"PropertyValueSpecification\",\"valueRequired\":true,\"valueName\":\"search_term_string\"}}],\"inLanguage\":\"cs-CZ\"},{\"@type\":\"Organization\",\"@id\":\"https:\\\/\\\/www.hubertushof-poysdorf.at\\\/cs\\\/#organization\",\"name\":\"Hubertushof\",\"url\":\"https:\\\/\\\/www.hubertushof-poysdorf.at\\\/cs\\\/\",\"logo\":{\"@type\":\"ImageObject\",\"inLanguage\":\"cs-CZ\",\"@id\":\"https:\\\/\\\/www.hubertushof-poysdorf.at\\\/cs\\\/#\\\/schema\\\/logo\\\/image\\\/\",\"url\":\"https:\\\/\\\/www.hubertushof-poysdorf.at\\\/neu\\\/wp-content\\\/uploads\\\/2025\\\/01\\\/hubertushof-poysdorf-logo.png\",\"contentUrl\":\"https:\\\/\\\/www.hubertushof-poysdorf.at\\\/neu\\\/wp-content\\\/uploads\\\/2025\\\/01\\\/hubertushof-poysdorf-logo.png\",\"width\":731,\"height\":512,\"caption\":\"Hubertushof\"},\"image\":{\"@id\":\"https:\\\/\\\/www.hubertushof-poysdorf.at\\\/cs\\\/#\\\/schema\\\/logo\\\/image\\\/\"}}]}<\/script>\n<!-- \/ Yoast SEO plugin. -->","yoast_head_json":{"title":"P\u0158\u00cdJEZD | Hubertushof","description":"Napl\u00e1nujte si cestu do hotelu Hubertushof Poysdorf - snadno se k n\u011bmu dostanete autem nebo autobusem a parkovat m\u016f\u017eete zdarma p\u0159\u00edmo u hotelu.","robots":{"index":"index","follow":"follow","max-snippet":"max-snippet:-1","max-image-preview":"max-image-preview:large","max-video-preview":"max-video-preview:-1"},"canonical":"https:\/\/www.hubertushof-poysdorf.at\/cs\/prijezd\/","og_locale":"cs_CZ","og_type":"article","og_title":"P\u0158\u00cdJEZD | Hubertushof","og_description":"Napl\u00e1nujte si cestu do hotelu Hubertushof Poysdorf - snadno se k n\u011bmu dostanete autem nebo autobusem a parkovat m\u016f\u017eete zdarma p\u0159\u00edmo u hotelu.","og_url":"https:\/\/www.hubertushof-poysdorf.at\/cs\/prijezd\/","og_site_name":"Hubertushof","article_modified_time":"2025-02-18T09:31:17+00:00","og_image":[{"width":800,"height":533,"url":"https:\/\/www.hubertushof-poysdorf.at\/neu\/wp-content\/uploads\/2025\/01\/home-andi-1200x800-s.jpg","type":"image\/jpeg"}],"twitter_card":"summary_large_image","schema":{"@context":"https:\/\/schema.org","@graph":[{"@type":"WebPage","@id":"https:\/\/www.hubertushof-poysdorf.at\/cs\/prijezd\/","url":"https:\/\/www.hubertushof-poysdorf.at\/cs\/prijezd\/","name":"P\u0158\u00cdJEZD | Hubertushof","isPartOf":{"@id":"https:\/\/www.hubertushof-poysdorf.at\/cs\/#website"},"primaryImageOfPage":{"@id":"https:\/\/www.hubertushof-poysdorf.at\/cs\/prijezd\/#primaryimage"},"image":{"@id":"https:\/\/www.hubertushof-poysdorf.at\/cs\/prijezd\/#primaryimage"},"thumbnailUrl":"https:\/\/www.hubertushof-poysdorf.at\/neu\/wp-content\/uploads\/2025\/01\/home-andi-1200x800-s.jpg","datePublished":"2025-01-03T09:25:27+00:00","dateModified":"2025-02-18T09:31:17+00:00","description":"Napl\u00e1nujte si cestu do hotelu Hubertushof Poysdorf - snadno se k n\u011bmu dostanete autem nebo autobusem a parkovat m\u016f\u017eete zdarma p\u0159\u00edmo u hotelu.","breadcrumb":{"@id":"https:\/\/www.hubertushof-poysdorf.at\/cs\/prijezd\/#breadcrumb"},"inLanguage":"cs-CZ","potentialAction":[{"@type":"ReadAction","target":["https:\/\/www.hubertushof-poysdorf.at\/cs\/prijezd\/"]}]},{"@type":"ImageObject","inLanguage":"cs-CZ","@id":"https:\/\/www.hubertushof-poysdorf.at\/cs\/prijezd\/#primaryimage","url":"https:\/\/www.hubertushof-poysdorf.at\/neu\/wp-content\/uploads\/2025\/01\/home-andi-1200x800-s.jpg","contentUrl":"https:\/\/www.hubertushof-poysdorf.at\/neu\/wp-content\/uploads\/2025\/01\/home-andi-1200x800-s.jpg","width":800,"height":533,"caption":"Hubertushof Gastgeber Andreas Simayr"},{"@type":"BreadcrumbList","@id":"https:\/\/www.hubertushof-poysdorf.at\/cs\/prijezd\/#breadcrumb","itemListElement":[{"@type":"ListItem","position":1,"name":"Startseite","item":"https:\/\/www.hubertushof-poysdorf.at\/cs\/"},{"@type":"ListItem","position":2,"name":"P\u0158\u00cdJEZD"}]},{"@type":"WebSite","@id":"https:\/\/www.hubertushof-poysdorf.at\/cs\/#website","url":"https:\/\/www.hubertushof-poysdorf.at\/cs\/","name":"Hubertushof","description":"","publisher":{"@id":"https:\/\/www.hubertushof-poysdorf.at\/cs\/#organization"},"potentialAction":[{"@type":"SearchAction","target":{"@type":"EntryPoint","urlTemplate":"https:\/\/www.hubertushof-poysdorf.at\/cs\/?s={search_term_string}"},"query-input":{"@type":"PropertyValueSpecification","valueRequired":true,"valueName":"search_term_string"}}],"inLanguage":"cs-CZ"},{"@type":"Organization","@id":"https:\/\/www.hubertushof-poysdorf.at\/cs\/#organization","name":"Hubertushof","url":"https:\/\/www.hubertushof-poysdorf.at\/cs\/","logo":{"@type":"ImageObject","inLanguage":"cs-CZ","@id":"https:\/\/www.hubertushof-poysdorf.at\/cs\/#\/schema\/logo\/image\/","url":"https:\/\/www.hubertushof-poysdorf.at\/neu\/wp-content\/uploads\/2025\/01\/hubertushof-poysdorf-logo.png","contentUrl":"https:\/\/www.hubertushof-poysdorf.at\/neu\/wp-content\/uploads\/2025\/01\/hubertushof-poysdorf-logo.png","width":731,"height":512,"caption":"Hubertushof"},"image":{"@id":"https:\/\/www.hubertushof-poysdorf.at\/cs\/#\/schema\/logo\/image\/"}}]}},"_links":{"self":[{"href":"https:\/\/www.hubertushof-poysdorf.at\/cs\/wp-json\/wp\/v2\/pages\/2318","targetHints":{"allow":["GET"]}}],"collection":[{"href":"https:\/\/www.hubertushof-poysdorf.at\/cs\/wp-json\/wp\/v2\/pages"}],"about":[{"href":"https:\/\/www.hubertushof-poysdorf.at\/cs\/wp-json\/wp\/v2\/types\/page"}],"author":[{"embeddable":true,"href":"https:\/\/www.hubertushof-poysdorf.at\/cs\/wp-json\/wp\/v2\/users\/2"}],"replies":[{"embeddable":true,"href":"https:\/\/www.hubertushof-poysdorf.at\/cs\/wp-json\/wp\/v2\/comments?post=2318"}],"version-history":[{"count":2,"href":"https:\/\/www.hubertushof-poysdorf.at\/cs\/wp-json\/wp\/v2\/pages\/2318\/revisions"}],"predecessor-version":[{"id":2644,"href":"https:\/\/www.hubertushof-poysdorf.at\/cs\/wp-json\/wp\/v2\/pages\/2318\/revisions\/2644"}],"wp:featuredmedia":[{"embeddable":true,"href":"https:\/\/www.hubertushof-poysdorf.at\/cs\/wp-json\/wp\/v2\/media\/1175"}],"wp:attachment":[{"href":"https:\/\/www.hubertushof-poysdorf.at\/cs\/wp-json\/wp\/v2\/media?parent=2318"}],"curies":[{"name":"wp","href":"https:\/\/api.w.org\/{rel}","templated":true}]}}